{"id":163,"date":"2026-03-19T09:22:25","date_gmt":"2026-03-19T09:22:25","guid":{"rendered":"https:\/\/psychotherapie-berendes.de\/?page_id=163"},"modified":"2026-03-22T17:44:58","modified_gmt":"2026-03-22T17:44:58","slug":"supervision","status":"publish","type":"page","link":"https:\/\/psychotherapie-berendes.de\/","title":{"rendered":"Supervision"},"content":{"rendered":"\n<p><\/p>\n\n\n\n<p>Mit meiner Verhaltenstherapeutischen und Systemischen Erfahrung,<\/p>\n\n\n\n<p>m\u00f6chte ich Sie dabei unterst\u00fctzen herausfordernde Situationen<\/p>\n\n\n\n<p>&#8222;ANDERS&#8220; zu betrachten und sich von einer neuen Seite zu n\u00e4hern.<\/p>\n\n\n\n<p>Fragestellungen k\u00f6nnten sein :<\/p>\n\n\n\n<ul class=\"wp-block-list\">\n<li>Wie k\u00f6nnen wir die Kommunikation im Team verbessern?<\/li>\n<\/ul>\n\n\n\n<ul class=\"wp-block-list\">\n<li>Welche Rollen und Rollenkonflikte im Team gibt es ?<\/li>\n<\/ul>\n\n\n\n<ul class=\"wp-block-list\">\n<li>Wie k\u00f6nnen wir mit Situation XY umgehen? ( Fallsupervision)<\/li>\n<\/ul>\n\n\n\n<p>In einem kostenfreien Erstgespr\u00e4ch k\u00f6nnen wir sehr gerne Ihre Fragen <\/p>\n\n\n\n<p>und Anliegen besprechen .<\/p>\n\n\n\n<p>Bei Interesse freue ich mich sehr \u00fcber eine Kontaktaufnahme <\/p>\n\n\n\n<p>per Mail unter praxis@psychotherapie-berendes.de <\/p>\n\n\n\n<p><\/p>\n\n\n\n<p><\/p>\n\n\n\n<p><\/p>\n","protected":false},"excerpt":{"rendered":"<p>Mit meiner Verhaltenstherapeutischen und Systemischen Erfahrung, m\u00f6chte ich Sie dabei unterst\u00fctzen herausfordernde Situationen &#8222;ANDERS&#8220; zu betrachten und sich von einer neuen Seite zu n\u00e4hern. Fragestellungen k\u00f6nnten sein : In einem [&hellip;]<\/p>\n","protected":false},"author":1,"featured_media":0,"parent":0,"menu_order":0,"comment_status":"closed","ping_status":"closed","template":"","meta":{"footnotes":""},"class_list":["post-163","page","type-page","status-publish","hentry"],"_links":{"self":[{"href":"https:\/\/psychotherapie-berendes.de\/index.php?rest_route=\/wp\/v2\/pages\/163","targetHints":{"allow":["GET"]}}],"collection":[{"href":"https:\/\/psychotherapie-berendes.de\/index.php?rest_route=\/wp\/v2\/pages"}],"about":[{"href":"https:\/\/psychotherapie-berendes.de\/index.php?rest_route=\/wp\/v2\/types\/page"}],"author":[{"embeddable":true,"href":"https:\/\/psychotherapie-berendes.de\/index.php?rest_route=\/wp\/v2\/users\/1"}],"replies":[{"embeddable":true,"href":"https:\/\/psychotherapie-berendes.de\/index.php?rest_route=%2Fwp%2Fv2%2Fcomments&post=163"}],"version-history":[{"count":2,"href":"https:\/\/psychotherapie-berendes.de\/index.php?rest_route=\/wp\/v2\/pages\/163\/revisions"}],"predecessor-version":[{"id":173,"href":"https:\/\/psychotherapie-berendes.de\/index.php?rest_route=\/wp\/v2\/pages\/163\/revisions\/173"}],"wp:attachment":[{"href":"https:\/\/psychotherapie-berendes.de\/index.php?rest_route=%2Fwp%2Fv2%2Fmedia&parent=163"}],"curies":[{"name":"wp","href":"https:\/\/api.w.org\/{rel}","templated":true}]}}