{"id":92,"date":"2023-01-02T11:32:25","date_gmt":"2023-01-02T11:32:25","guid":{"rendered":"https:\/\/psychotherapie-berendes.de\/?page_id=92"},"modified":"2023-05-11T18:24:29","modified_gmt":"2023-05-11T18:24:29","slug":"impressum","status":"publish","type":"page","link":"https:\/\/psychotherapie-berendes.de\/?page_id=92","title":{"rendered":"Impressum"},"content":{"rendered":"\n<h3 class=\"wp-block-heading\">Herausgeber:<\/h3>\n\n\n\n<p>Dipl.-Psych. Sven Berendes<br>Psychologischer Psychotherapeut Verhaltenstherapie<br>Ravensburgstr. 38<br>69168 Wiesloch<br>Deutschland<\/p>\n\n\n\n<p>Telefon: 06222 3180440<\/p>\n\n\n\n<p>Fax: 06222 3182430<br>E-Mail: praxis@psychotherapie-berendes.de<\/p>\n\n\n\n<h3 class=\"wp-block-heading\">Gesetzliche Berufsbezeichnung:<\/h3>\n\n\n\n<p><em>Psychologischer Psychotherapeut<\/em>, verliehen in der Bundesrepublik Deutschland \/ Nordrhein-Westfalen<\/p>\n\n\n\n<h3 class=\"wp-block-heading\">Ma\u00dfgebliche berufsrechtliche Regelung:<\/h3>\n\n\n\n<p>Beruftsordnung der Landespsychotherapeutenkammer Baden-W\u00fcrttemberg in aktueller Fassung<\/p>\n\n\n\n<p>( <a href=\"http:\/\/www.lpk-bw.de\/sites\/default\/files\/kammer\/satzungen\/berufsordnung-lpk-bw.pdf\" data-type=\"URL\" data-id=\"www.lpk-bw.de\/sites\/default\/files\/kammer\/satzungen\/berufsordnung-lpk-bw.pdf\">www.lpk-bw.de\/sites\/default\/files\/kammer\/satzungen\/berufsordnung-lpk-bw.pdf<\/a> )<\/p>\n\n\n\n<h3 class=\"wp-block-heading\">Landesgesundheitsdienstgesetz, Landesheilberufekammergesetz:<\/h3>\n\n\n\n<p>Texte der genannten Bestimmungen sind im Buchhandel erh\u00e4ltlich oder im Internet von der Aufsichtsbeh\u00f6rde (abrufbar z.B. <a rel=\"noreferrer noopener\" href=\"http:\/\/www.lpk-bw.de\/\" target=\"_blank\">www.lpk-bw.de<\/a>).<\/p>\n\n\n\n<h3 class=\"wp-block-heading\">Zugeh\u00f6rige Aufsichtsbeh\u00f6rde:<\/h3>\n\n\n\n<p>Landespsychotherapeutenkammer<br>J\u00e4gerstr. 40, 70174 Stuttgart<br>Telefon\u00a00711 6744700, Fax\u00a00711 67447015, <a href=\"javascript:linkTo_UnCryptMailto('jxfiql7fkclXimh:yt+ab');\">info@lpk-bw.de<\/a><\/p>\n\n\n\n<h3 class=\"wp-block-heading\">Zust\u00e4ndige Kassen\u00e4rztliche Vereinigung:<\/h3>\n\n\n\n<p>Kassen\u00e4rztliche Vereinigung Baden-W\u00fcrttemberg<\/p>\n\n\n\n<p>Albstadtweg 11, 70567 Stuttgart<br>Telefon 0711 78750, Fax 0711 78753274, <a href=\"mailto:bdstuttgart@kvbawue.de\">bdstuttgart@kvbawue.de<\/a><\/p>\n\n\n\n<p>Wir bem\u00fchen uns, auf dieser Website richtige und vollst\u00e4ndige Informationen zur Verf\u00fcgung zu stellen, \u00fcbernehmen jedoch keine Haftung oder Garantie f\u00fcr die Aktualit\u00e4t, Richtigkeit und Vollst\u00e4ndigkeit der auf dieser Website bereitgestellten Informationen. Insbesondere gilt dies auch f\u00fcr alle Verbindungen (&#8222;Links&#8220;), auf welche diese Website direkt oder indirekt verweist. F\u00fcr den Inhalt einer \u00fcber einen solchen Link erreichten Seite wird keine Verantwortung \u00fcbernommen. Wir behalten uns das Recht vor, jederzeit und ohne vorherige Ank\u00fcndigung \u00c4nderungen oder Erg\u00e4nzungen der bereitgestellten Informationen vorzunehmen.<\/p>\n","protected":false},"excerpt":{"rendered":"<p>Herausgeber: Dipl.-Psych. Sven BerendesPsychologischer Psychotherapeut VerhaltenstherapieRavensburgstr. 3869168 WieslochDeutschland Telefon: 06222 3180440 Fax: 06222 3182430E-Mail: praxis@psychotherapie-berendes.de Gesetzliche Berufsbezeichnung: Psychologischer Psychotherapeut, verliehen in der Bundesrepublik Deutschland \/ Nordrhein-Westfalen Ma\u00dfgebliche berufsrechtliche Regelung: Beruftsordnung [&hellip;]<\/p>\n","protected":false},"author":1,"featured_media":0,"parent":0,"menu_order":0,"comment_status":"closed","ping_status":"closed","template":"","meta":{"footnotes":""},"class_list":["post-92","page","type-page","status-publish","hentry"],"_links":{"self":[{"href":"https:\/\/psychotherapie-berendes.de\/index.php?rest_route=\/wp\/v2\/pages\/92","targetHints":{"allow":["GET"]}}],"collection":[{"href":"https:\/\/psychotherapie-berendes.de\/index.php?rest_route=\/wp\/v2\/pages"}],"about":[{"href":"https:\/\/psychotherapie-berendes.de\/index.php?rest_route=\/wp\/v2\/types\/page"}],"author":[{"embeddable":true,"href":"https:\/\/psychotherapie-berendes.de\/index.php?rest_route=\/wp\/v2\/users\/1"}],"replies":[{"embeddable":true,"href":"https:\/\/psychotherapie-berendes.de\/index.php?rest_route=%2Fwp%2Fv2%2Fcomments&post=92"}],"version-history":[{"count":2,"href":"https:\/\/psychotherapie-berendes.de\/index.php?rest_route=\/wp\/v2\/pages\/92\/revisions"}],"predecessor-version":[{"id":119,"href":"https:\/\/psychotherapie-berendes.de\/index.php?rest_route=\/wp\/v2\/pages\/92\/revisions\/119"}],"wp:attachment":[{"href":"https:\/\/psychotherapie-berendes.de\/index.php?rest_route=%2Fwp%2Fv2%2Fmedia&parent=92"}],"curies":[{"name":"wp","href":"https:\/\/api.w.org\/{rel}","templated":true}]}}